{"id":1148,"date":"2022-11-10T18:44:51","date_gmt":"2022-11-10T17:44:51","guid":{"rendered":"https:\/\/gemma.ch\/\/unsere-dienstleistungen\/sourcing\/"},"modified":"2023-02-14T13:46:25","modified_gmt":"2023-02-14T12:46:25","slug":"sourcing","status":"publish","type":"page","link":"https:\/\/gemma.ch\/de\/unsere-dienstleistungen\/sourcing\/","title":{"rendered":"Sourcing"},"content":{"rendered":"<p>[et_pb_section fb_built=&#8220;1&#8243; _builder_version=&#8220;4.19.1&#8243; _module_preset=&#8220;default&#8220; background_image=&#8220;https:\/\/gemma.ch\/\/wp-content\/uploads\/2022\/12\/sourcing01.jpg&#8220; custom_margin=&#8220;0px||0px||true|false&#8220; custom_padding=&#8220;0px||0px||true|false&#8220; global_colors_info=&#8220;{}&#8220;][et_pb_row _builder_version=&#8220;4.19.0&#8243; _module_preset=&#8220;default&#8220; background_color=&#8220;rgba(244,102,30,0.8)&#8220; width=&#8220;100%&#8220; max_width=&#8220;100%&#8220; custom_padding=&#8220;200px||80px||false|false&#8220; custom_css_main_element=&#8220;text-align:center;&#8220; global_colors_info=&#8220;{}&#8220;][et_pb_column type=&#8220;4_4&#8243; _builder_version=&#8220;4.19.0&#8243; _module_preset=&#8220;default&#8220; global_colors_info=&#8220;{}&#8220;][et_pb_text _builder_version=&#8220;4.19.5&#8243; _module_preset=&#8220;default&#8220; text_font=&#8220;||||||||&#8220; text_text_color=&#8220;#FFFFFF&#8220; header_font=&#8220;||||||||&#8220; header_text_color=&#8220;#FFFFFF&#8220; header_font_size=&#8220;70px&#8220; text_orientation=&#8220;center&#8220; custom_margin=&#8220;||10px||false|false&#8220; custom_padding=&#8220;||10px||false|false&#8220; header_font_size_tablet=&#8220;70px&#8220; header_font_size_phone=&#8220;40px&#8220; header_font_size_last_edited=&#8220;on|phone&#8220; global_colors_info=&#8220;{}&#8220;]<\/p>\n<p><strong>UNSERE DIENSTLEISTUNG<\/strong><\/p>\n<h1>Sourcing<\/h1>\n<p>[\/et_pb_text][dsm_breadcrumbs home_text=&#8220;Hauptseite&#8220; show_home_icon=&#8220;off&#8220; align=&#8220;center&#8220; items_bottom=&#8220;0px&#8220; separator_bottom=&#8220;0px&#8220; current_bottom=&#8220;0px&#8220; _builder_version=&#8220;4.19.5&#8243; _module_preset=&#8220;default&#8220; items_text_color=&#8220;rgba(255,255,255,0.6)&#8220; items_font_size=&#8220;15px&#8220; items_line_height=&#8220;1.5em&#8220; separators_text_color=&#8220;rgba(255,255,255,0.61)&#8220; current_text_color=&#8220;#FFFFFF&#8220; current_font_size=&#8220;15px&#8220; current_line_height=&#8220;1.5em&#8220; max_width=&#8220;100%&#8220; module_alignment=&#8220;center&#8220; global_colors_info=&#8220;{}&#8220; items_text_color__hover_enabled=&#8220;on|desktop&#8220; items_text_color__hover=&#8220;#FFFFFF&#8220;][\/dsm_breadcrumbs][\/et_pb_column][\/et_pb_row][\/et_pb_section][et_pb_section fb_built=&#8220;1&#8243; _builder_version=&#8220;4.19.0&#8243; _module_preset=&#8220;default&#8220; global_colors_info=&#8220;{}&#8220;][et_pb_row column_structure=&#8220;2_5,3_5&#8243; _builder_version=&#8220;4.19.0&#8243; _module_preset=&#8220;default&#8220; global_colors_info=&#8220;{}&#8220;][et_pb_column type=&#8220;2_5&#8243; _builder_version=&#8220;4.19.0&#8243; _module_preset=&#8220;default&#8220; global_colors_info=&#8220;{}&#8220;][et_pb_text _builder_version=&#8220;4.19.5&#8243; _module_preset=&#8220;default&#8220; text_font=&#8220;Comfortaa||||||||&#8220; text_text_color=&#8220;#F4661E&#8220; text_font_size=&#8220;20px&#8220; text_line_height=&#8220;1.5em&#8220; max_width_tablet=&#8220;500px&#8220; max_width_phone=&#8220;500px&#8220; max_width_last_edited=&#8220;on|tablet&#8220; module_alignment=&#8220;center&#8220; hover_enabled=&#8220;0&#8243; text_orientation_tablet=&#8220;center&#8220; text_orientation_phone=&#8220;center&#8220; text_orientation_last_edited=&#8220;on|tablet&#8220; module_alignment_tablet=&#8220;center&#8220; module_alignment_phone=&#8220;center&#8220; module_alignment_last_edited=&#8220;on|desktop&#8220; global_colors_info=&#8220;{}&#8220; sticky_enabled=&#8220;0&#8243;]<span>Welche Lebensmittel werden wir morgen auf unseren Tellern haben?<\/span>[\/et_pb_text][et_pb_image src=&#8220;https:\/\/gemma.ch\/\/wp-content\/uploads\/2022\/11\/pointilles.svg&#8220; title_text=&#8220;pointilles&#8220; align_tablet=&#8220;center&#8220; align_phone=&#8220;center&#8220; align_last_edited=&#8220;on|tablet&#8220; _builder_version=&#8220;4.19.0&#8243; _module_preset=&#8220;default&#8220; global_colors_info=&#8220;{}&#8220;][\/et_pb_image][\/et_pb_column][et_pb_column type=&#8220;3_5&#8243; _builder_version=&#8220;4.19.0&#8243; _module_preset=&#8220;default&#8220; global_colors_info=&#8220;{}&#8220;][et_pb_text _builder_version=&#8220;4.19.5&#8243; _module_preset=&#8220;default&#8220; hover_enabled=&#8220;0&#8243; global_colors_info=&#8220;{}&#8220; sticky_enabled=&#8220;0&#8243;]<\/p>\n<p><strong>Um den Innovationsbedarf unserer Kunden zu decken, sind wir immer ganz nah am Schweizer und Europ\u00e4ischen Markt, um alle aktuellen und zuk\u00fcnftigen Lebensmitteltrends zu erkennen und vorauszusehen.<\/strong><\/p>\n<p>Die Aufgabe unserer Marketing- und Einkaufsabteilung ist es, neue Produkte zu finden und ihr Potenzial zu nutzen, um H\u00e4ndler und Verbraucher gleicherma\u00dfen zu begeistern.<\/p>\n<p>Wir suchen f\u00fcr unsere Kunden in Europa nach potenziellen Lieferanten zur Entwicklung von spezifischen und innovativen Produkten. Zudem stehen wir in regem Austausch mit den Entwicklungsabteilungen unserer aktuellen Hersteller.<\/p>\n<p>D\u00fcrfen wir f\u00fcr Sie die Innovationen von morgen suchen? <a href=\"https:\/\/gemma.ch\/\/de\/kontakt\/\">Kontaktieren Sie uns hier<\/a>.<\/p>\n<p>[\/et_pb_text][\/et_pb_column][\/et_pb_row][et_pb_row _builder_version=&#8220;4.19.0&#8243; _module_preset=&#8220;default&#8220; global_colors_info=&#8220;{}&#8220;][et_pb_column type=&#8220;4_4&#8243; _builder_version=&#8220;4.19.0&#8243; _module_preset=&#8220;default&#8220; global_colors_info=&#8220;{}&#8220;][dsm_image_carousel gallery_ids=&#8220;587,590,593&#8243; sizes=&#8220;et-pb-portfolio-image&#8220; centered_slides=&#8220;on&#8220; slide_to_show=&#8220;3&#8243; autoplay=&#8220;off&#8220; _builder_version=&#8220;4.19.1&#8243; _module_preset=&#8220;default&#8220; global_colors_info=&#8220;{}&#8220;][\/dsm_image_carousel][\/et_pb_column][\/et_pb_row][\/et_pb_section]<\/p>\n","protected":false},"excerpt":{"rendered":"<p>UNSERE DIENSTLEISTUNG Sourcing<div class=\"et_pb_module dsm_breadcrumbs dsm_breadcrumbs_0\">\n\t\t\t\t\n\t\t\t\t\n\t\t\t\t\n\t\t\t\t\n\t\t\t\t\n\t\t\t\t\n\t\t\t\t<div class=\"et_pb_module_inner\">\n\t\t\t\t\t<nav class=\"dsm_breadcrumbs_wrap\">\n\t\t\t\t<ul class=\"dsm_breadcrumbs\" itemscope itemtype=\"https:\/\/schema.org\/BreadcrumbList\">\t\t\t<li class=\"dsm_breadcrumbs_item dsm_home_item dsm_home_item_custom\" itemprop=\"itemListElement\" itemscope\n\t\t\titemtype=\"https:\/\/schema.org\/ListItem\">\n\t\t\t\t<a href=\"https:\/\/gemma.ch\/de\/\" itemprop=\"item\" target=\"\">\n\t\t\t\t\t<span class='dsm_home_text_wrapper'>\n\t\t\t\t\t\t\t\t\t\t\t\t\t<span class=\"dsm_home_text\" itemprop=\"name\">\n\t\t\t\t\t\t\t\tHauptseite\t\t\t\t\t\t\t<\/span>\n\t\t\t\t\t<\/span>\n\t\t\t\t<\/a>\n\t\t\t\t<meta itemprop=\"position\" content=\"1\" \/>\n\t\t\t<\/li>\n\n\t\t<li class=\"dsm_breadcrumbs_separator\"> <span class=\"et-pb-icon dsm_separator_icon\">5<\/span><\/li><br \/>\n<b>Warning<\/b>:  Attempt to read property \"term_id\" on null in <b>\/home\/clients\/4d004f663205930f8ba2ed4987d5433f\/2023\/wp-content\/plugins\/supreme-modules-pro-for-divi\/includes\/modules\/Breadcrumbs\/Breadcrumbs.php<\/b> on line <b>704<\/b><br \/>\n<\/ul>\n\t\t\t<\/nav>\n\t\t\t\t<\/div>\n\t\t\t<\/div>Welche Lebensmittel werden wir morgen auf unseren Tellern haben?Um den Innovationsbedarf unserer Kunden zu decken, sind wir immer ganz nah am Schweizer und Europ\u00e4ischen Markt, um alle aktuellen und zuk\u00fcnftigen Lebensmitteltrends zu erkennen und vorauszusehen. Die Aufgabe unserer Marketing- und Einkaufsabteilung ist es, neue Produkte zu finden und ihr Potenzial zu nutzen, um H\u00e4ndler und Verbraucher gleicherma\u00dfen zu begeistern. Wir suchen f\u00fcr unsere Kunden in Europa nach potenziellen Lieferanten zur Entwicklung von spezifischen und innovativen Produkten. Zudem stehen wir in regem Austausch mit den Entwicklungsabteilungen unserer aktuellen Hersteller. D\u00fcrfen wir f\u00fcr Sie die Innovationen von morgen suchen? Kontaktieren Sie uns hier.<div class=\"et_pb_module dsm_image_carousel dsm_image_carousel_0 dsm_image_carousel_arrow_outside dsm_image_carousel_arrow_mobile_inside \">\n\t\t\t\t\n\t\t\t\t\n\t\t\t\t\n\t\t\t\t\n\t\t\t\t\n\t\t\t\t\n\t\t\t\t<div class=\"et_pb_module_inner\">\n\t\t\t\t\t<div class=\"swiper-container dsm_image_carousel_container  dsm_image_carousel_carousel\" dir=\"ltr\"data-effect=\"default\"\n\t\t\tdata-slider-effect-shadows=\"false\"\n\t\t\tdata-slider-effect-coverflow-rotate=\"30\"\n\t\t\tdata-slider-effect-coverflow-depth=\"0\"\n\t\t\tdata-loop=\"true\"\n\t\t\tdata-slide-to-show=\"3\"\n\t\t\tdata-slide-to-show-tablet=\"1\"\n\t\t\tdata-slide-to-show-phone=\"1\"\n\t\t\tdata-slide-to-scroll=\"1\"\n\t\t\tdata-slide-to-scroll-tablet=\"1\"\n\t\t\tdata-slide-to-scroll-phone=\"1\"\n\t\t\tdata-space-between=\"15\"\n\t\t\tdata-space-between-tablet=\"15\"\n\t\t\tdata-space-between-phone=\"15\"\n\t\t\tdata-slide-row=\"1\"\n\t\t\tdata-centered-slides=\"true\"\n\t\t\tdata-speed=\"300\"\n\t\t\tdata-autoplay=\"false\"\n\t\t\tdata-autoplay-speed=\"3000\"\n\t\t\tdata-touch-move=\"true\"\n\t\t\tdata-grab=\"true\"\n\t\t\tdata-pause-on-hover=\"false\"\n\t\t\tdata-show-lightbox=\"false\"\n\t\t\tdata-lightbox-gallery=\"false\"\n\t\t\tdata-lightbox-caption=\"false\"\n\t\t\tdata-infinite-scrolling=\"false\"\n\t\t\tdata-slide-row-tablet=\"1\"\n\t\t\tdata-slide-row-phone=\"1\"\n\t\t\t\n\t\t\tdata-mousewheel=\"false\"\n\t\t\tdata-lazyload=\"false\"\n\t\t\tdata-type=\"carousel\"\n\t\t\tdata-slideshow-effect=\"default\"\n\t\t\tdata-slideshow-to-show=\"4\"\n\t\t\tdata-slideshow-to-show-tablet=\"4\"\n\t\t\tdata-slideshow-to-show-phone=\"\"\n\t\t\tdata-slider-orientation=\"horizontal\"\n\t\t\t\t\t\tdata-lightbox-title=\"false\"\n\n\t\t\t><div class=\"swiper-wrapper\"><div class=\"swiper-slide dsm_image_carousel_item\"><img loading=\"lazy\" decoding=\"async\" src=\"https:\/\/gemma.ch\/wp-content\/uploads\/2022\/12\/sourcing02-400x284.jpg\" alt=\"\" title=\"sourcing02\" width=\"400\" height=\"284\" data-dsm-image-description=\"\" class=\" skip-lazy\" \/><\/div><div class=\"swiper-slide dsm_image_carousel_item\"><img loading=\"lazy\" decoding=\"async\" src=\"https:\/\/gemma.ch\/wp-content\/uploads\/2022\/12\/sourcing03-400x284.jpg\" alt=\"\" title=\"sourcing03\" width=\"400\" height=\"284\" data-dsm-image-description=\"\" class=\" skip-lazy\" \/><\/div><div class=\"swiper-slide dsm_image_carousel_item\"><img loading=\"lazy\" decoding=\"async\" src=\"https:\/\/gemma.ch\/wp-content\/uploads\/2022\/12\/sourcing04-400x284.jpg\" alt=\"\" title=\"sourcing04\" width=\"400\" height=\"284\" data-dsm-image-description=\"\" class=\" skip-lazy\" \/><\/div><\/div><\/div><div class=\"swiper-button-prev swiper-arrow-button\" data-icon=\"4\"><\/div><div class=\"swiper-button-next swiper-arrow-button\" data-icon=\"5\"><\/div><div class=\"swiper-pagination\"><\/div>\n\t\t\t\t<\/div>\n\t\t\t<\/div><\/p>\n","protected":false},"author":2,"featured_media":0,"parent":1115,"menu_order":1,"comment_status":"closed","ping_status":"closed","template":"","meta":{"_et_pb_use_builder":"on","_et_pb_old_content":"","_et_gb_content_width":"","inline_featured_image":false,"footnotes":""},"class_list":["post-1148","page","type-page","status-publish","hentry"],"_links":{"self":[{"href":"https:\/\/gemma.ch\/de\/wp-json\/wp\/v2\/pages\/1148","targetHints":{"allow":["GET"]}}],"collection":[{"href":"https:\/\/gemma.ch\/de\/wp-json\/wp\/v2\/pages"}],"about":[{"href":"https:\/\/gemma.ch\/de\/wp-json\/wp\/v2\/types\/page"}],"author":[{"embeddable":true,"href":"https:\/\/gemma.ch\/de\/wp-json\/wp\/v2\/users\/2"}],"replies":[{"embeddable":true,"href":"https:\/\/gemma.ch\/de\/wp-json\/wp\/v2\/comments?post=1148"}],"version-history":[{"count":6,"href":"https:\/\/gemma.ch\/de\/wp-json\/wp\/v2\/pages\/1148\/revisions"}],"predecessor-version":[{"id":1203,"href":"https:\/\/gemma.ch\/de\/wp-json\/wp\/v2\/pages\/1148\/revisions\/1203"}],"up":[{"embeddable":true,"href":"https:\/\/gemma.ch\/de\/wp-json\/wp\/v2\/pages\/1115"}],"wp:attachment":[{"href":"https:\/\/gemma.ch\/de\/wp-json\/wp\/v2\/media?parent=1148"}],"curies":[{"name":"wp","href":"https:\/\/api.w.org\/{rel}","templated":true}]}}