{"id":1150,"date":"2022-11-17T10:20:34","date_gmt":"2022-11-17T09:20:34","guid":{"rendered":"https:\/\/gemma.ch\/\/?page_id=1150"},"modified":"2023-04-04T16:40:05","modified_gmt":"2023-04-04T14:40:05","slug":"product-management","status":"publish","type":"page","link":"https:\/\/gemma.ch\/de\/unsere-dienstleistungen\/product-management\/","title":{"rendered":"Product Management"},"content":{"rendered":"<p>[et_pb_section fb_built=&#8220;1&#8243; _builder_version=&#8220;4.19.1&#8243; _module_preset=&#8220;default&#8220; background_image=&#8220;https:\/\/gemma.ch\/\/wp-content\/uploads\/2022\/12\/productmanagement01.jpg&#8220; custom_margin=&#8220;0px||0px||true|false&#8220; custom_padding=&#8220;0px||0px||true|false&#8220; global_colors_info=&#8220;{}&#8220;][et_pb_row _builder_version=&#8220;4.19.0&#8243; _module_preset=&#8220;default&#8220; background_color=&#8220;rgba(244,102,30,0.8)&#8220; width=&#8220;100%&#8220; max_width=&#8220;100%&#8220; custom_padding=&#8220;200px||80px||false|false&#8220; custom_css_main_element=&#8220;text-align:center;&#8220; global_colors_info=&#8220;{}&#8220;][et_pb_column type=&#8220;4_4&#8243; _builder_version=&#8220;4.19.0&#8243; _module_preset=&#8220;default&#8220; global_colors_info=&#8220;{}&#8220;][et_pb_text _builder_version=&#8220;4.19.5&#8243; _module_preset=&#8220;default&#8220; text_font=&#8220;||||||||&#8220; text_text_color=&#8220;#FFFFFF&#8220; header_font=&#8220;||||||||&#8220; header_text_color=&#8220;#FFFFFF&#8220; header_font_size=&#8220;70px&#8220; text_orientation=&#8220;center&#8220; custom_margin=&#8220;||10px||false|false&#8220; custom_padding=&#8220;||10px||false|false&#8220; header_font_size_tablet=&#8220;70px&#8220; header_font_size_phone=&#8220;40px&#8220; header_font_size_last_edited=&#8220;on|phone&#8220; global_colors_info=&#8220;{}&#8220;]<\/p>\n<p><strong>UNSERE DIENSTLEISTUNG<\/strong><\/p>\n<h1>Product Management<\/h1>\n<p>[\/et_pb_text][dsm_breadcrumbs home_text=&#8220;Hauptseite&#8220; show_home_icon=&#8220;off&#8220; align=&#8220;center&#8220; items_bottom=&#8220;0px&#8220; separator_bottom=&#8220;0px&#8220; current_bottom=&#8220;0px&#8220; _builder_version=&#8220;4.19.5&#8243; _module_preset=&#8220;default&#8220; items_text_color=&#8220;rgba(255,255,255,0.6)&#8220; items_font_size=&#8220;15px&#8220; items_line_height=&#8220;1.5em&#8220; separators_text_color=&#8220;rgba(255,255,255,0.61)&#8220; current_text_color=&#8220;#FFFFFF&#8220; current_font_size=&#8220;15px&#8220; current_line_height=&#8220;1.5em&#8220; max_width=&#8220;100%&#8220; module_alignment=&#8220;center&#8220; global_colors_info=&#8220;{}&#8220; items_text_color__hover_enabled=&#8220;on|desktop&#8220; items_text_color__hover=&#8220;#FFFFFF&#8220;][\/dsm_breadcrumbs][\/et_pb_column][\/et_pb_row][\/et_pb_section][et_pb_section fb_built=&#8220;1&#8243; _builder_version=&#8220;4.19.0&#8243; _module_preset=&#8220;default&#8220; global_colors_info=&#8220;{}&#8220;][et_pb_row column_structure=&#8220;2_5,3_5&#8243; _builder_version=&#8220;4.19.0&#8243; _module_preset=&#8220;default&#8220; global_colors_info=&#8220;{}&#8220;][et_pb_column type=&#8220;2_5&#8243; _builder_version=&#8220;4.19.0&#8243; _module_preset=&#8220;default&#8220; global_colors_info=&#8220;{}&#8220;][et_pb_text _builder_version=&#8220;4.20.1&#8243; _module_preset=&#8220;default&#8220; text_font=&#8220;Comfortaa||||||||&#8220; text_text_color=&#8220;#F4661E&#8220; text_font_size=&#8220;20px&#8220; text_line_height=&#8220;1.5em&#8220; max_width_tablet=&#8220;500px&#8220; max_width_phone=&#8220;500px&#8220; max_width_last_edited=&#8220;on|tablet&#8220; module_alignment=&#8220;center&#8220; hover_enabled=&#8220;0&#8243; text_orientation_tablet=&#8220;center&#8220; text_orientation_phone=&#8220;center&#8220; text_orientation_last_edited=&#8220;on|tablet&#8220; module_alignment_tablet=&#8220;center&#8220; module_alignment_phone=&#8220;center&#8220; module_alignment_last_edited=&#8220;on|desktop&#8220; global_colors_info=&#8220;{}&#8220; sticky_enabled=&#8220;0&#8243;]<\/p>\n<p>F\u00fcr alle Produkte, die wir importieren und vertreiben, sei es die Marken unserer Hersteller oder f\u00fcr Eigenmarken (Private Label), sind wir in allen Entwicklungsphasen involviert.<\/p>\n<p>[\/et_pb_text][et_pb_image src=&#8220;https:\/\/gemma.ch\/\/wp-content\/uploads\/2022\/11\/pointilles.svg&#8220; title_text=&#8220;pointilles&#8220; align_tablet=&#8220;center&#8220; align_phone=&#8220;center&#8220; align_last_edited=&#8220;on|tablet&#8220; _builder_version=&#8220;4.19.0&#8243; _module_preset=&#8220;default&#8220; global_colors_info=&#8220;{}&#8220;][\/et_pb_image][\/et_pb_column][et_pb_column type=&#8220;3_5&#8243; _builder_version=&#8220;4.19.0&#8243; _module_preset=&#8220;default&#8220; global_colors_info=&#8220;{}&#8220;][et_pb_text _builder_version=&#8220;4.20.1&#8243; _module_preset=&#8220;default&#8220; hover_enabled=&#8220;0&#8243; global_colors_info=&#8220;{}&#8220; sticky_enabled=&#8220;0&#8243;]<strong>Von der Ausschreibung bis zur Markteinf\u00fchrung, f\u00fcr Rezeptur- bis Verpackungsanpassungen. Unser sehr kompetentes Team von Produktmanagern ist auch am ganzen Lebenslauf unserer Produkte beteiligt.<\/strong><\/p>\n<p>Mit ihrer jahrelangen Erfahrung in der Lebensmittelbranche und Dank ihrer genauen Marktkenntnis sind sie in der Lage, die Bed\u00fcrfnisse unserer Kunden zu verstehen und bestm\u00f6glich zu vertreten.[\/et_pb_text][\/et_pb_column][\/et_pb_row][\/et_pb_section]<\/p>\n","protected":false},"excerpt":{"rendered":"<p>UNSERE DIENSTLEISTUNG Product Management<div class=\"et_pb_module dsm_breadcrumbs dsm_breadcrumbs_0\">\n\t\t\t\t\n\t\t\t\t\n\t\t\t\t\n\t\t\t\t\n\t\t\t\t\n\t\t\t\t\n\t\t\t\t<div class=\"et_pb_module_inner\">\n\t\t\t\t\t<nav class=\"dsm_breadcrumbs_wrap\">\n\t\t\t\t<ul class=\"dsm_breadcrumbs\" itemscope itemtype=\"https:\/\/schema.org\/BreadcrumbList\">\t\t\t<li class=\"dsm_breadcrumbs_item dsm_home_item dsm_home_item_custom\" itemprop=\"itemListElement\" itemscope\n\t\t\titemtype=\"https:\/\/schema.org\/ListItem\">\n\t\t\t\t<a href=\"https:\/\/gemma.ch\/de\/\" itemprop=\"item\" target=\"\">\n\t\t\t\t\t<span class='dsm_home_text_wrapper'>\n\t\t\t\t\t\t\t\t\t\t\t\t\t<span class=\"dsm_home_text\" itemprop=\"name\">\n\t\t\t\t\t\t\t\tHauptseite\t\t\t\t\t\t\t<\/span>\n\t\t\t\t\t<\/span>\n\t\t\t\t<\/a>\n\t\t\t\t<meta itemprop=\"position\" content=\"1\" \/>\n\t\t\t<\/li>\n\n\t\t<li class=\"dsm_breadcrumbs_separator\"> <span class=\"et-pb-icon dsm_separator_icon\">5<\/span><\/li><br \/>\n<b>Warning<\/b>:  Attempt to read property \"term_id\" on null in <b>\/home\/clients\/4d004f663205930f8ba2ed4987d5433f\/2023\/wp-content\/plugins\/supreme-modules-pro-for-divi\/includes\/modules\/Breadcrumbs\/Breadcrumbs.php<\/b> on line <b>704<\/b><br \/>\n<\/ul>\n\t\t\t<\/nav>\n\t\t\t\t<\/div>\n\t\t\t<\/div>F\u00fcr alle Produkte, die wir importieren und vertreiben, sei es die Marken unserer Hersteller oder f\u00fcr Eigenmarken (Private Label), sind wir in allen Entwicklungsphasen involviert.Von der Ausschreibung bis zur Markteinf\u00fchrung, f\u00fcr Rezeptur- bis Verpackungsanpassungen. Unser sehr kompetentes Team von Produktmanagern ist auch am ganzen Lebenslauf unserer Produkte beteiligt. Mit ihrer jahrelangen Erfahrung in der Lebensmittelbranche und Dank ihrer genauen Marktkenntnis sind sie in der Lage, die Bed\u00fcrfnisse unserer Kunden zu verstehen und bestm\u00f6glich zu vertreten.<\/p>\n","protected":false},"author":2,"featured_media":0,"parent":1115,"menu_order":2,"comment_status":"closed","ping_status":"closed","template":"","meta":{"_et_pb_use_builder":"on","_et_pb_old_content":"","_et_gb_content_width":"","inline_featured_image":false,"footnotes":""},"class_list":["post-1150","page","type-page","status-publish","hentry"],"_links":{"self":[{"href":"https:\/\/gemma.ch\/de\/wp-json\/wp\/v2\/pages\/1150","targetHints":{"allow":["GET"]}}],"collection":[{"href":"https:\/\/gemma.ch\/de\/wp-json\/wp\/v2\/pages"}],"about":[{"href":"https:\/\/gemma.ch\/de\/wp-json\/wp\/v2\/types\/page"}],"author":[{"embeddable":true,"href":"https:\/\/gemma.ch\/de\/wp-json\/wp\/v2\/users\/2"}],"replies":[{"embeddable":true,"href":"https:\/\/gemma.ch\/de\/wp-json\/wp\/v2\/comments?post=1150"}],"version-history":[{"count":4,"href":"https:\/\/gemma.ch\/de\/wp-json\/wp\/v2\/pages\/1150\/revisions"}],"predecessor-version":[{"id":1381,"href":"https:\/\/gemma.ch\/de\/wp-json\/wp\/v2\/pages\/1150\/revisions\/1381"}],"up":[{"embeddable":true,"href":"https:\/\/gemma.ch\/de\/wp-json\/wp\/v2\/pages\/1115"}],"wp:attachment":[{"href":"https:\/\/gemma.ch\/de\/wp-json\/wp\/v2\/media?parent=1150"}],"curies":[{"name":"wp","href":"https:\/\/api.w.org\/{rel}","templated":true}]}}