{"id":921,"date":"2022-11-21T11:11:39","date_gmt":"2022-11-21T10:11:39","guid":{"rendered":"https:\/\/gemma.ch\/\/?page_id=921"},"modified":"2023-02-13T19:16:19","modified_gmt":"2023-02-13T18:16:19","slug":"deliveries","status":"publish","type":"page","link":"https:\/\/gemma.ch\/en\/our-logistics\/deliveries\/","title":{"rendered":"Deliveries"},"content":{"rendered":"<p>[et_pb_section fb_built=&#8221;1&#8243; _builder_version=&#8221;4.19.1&#8243; _module_preset=&#8221;default&#8221; background_image=&#8221;https:\/\/gemma.ch\/\/wp-content\/uploads\/2022\/12\/livraisons01.jpg&#8221; custom_margin=&#8221;0px||0px||true|false&#8221; custom_padding=&#8221;0px||0px||true|false&#8221; global_colors_info=&#8221;{}&#8221;][et_pb_row _builder_version=&#8221;4.19.0&#8243; _module_preset=&#8221;default&#8221; background_color=&#8221;rgba(244,102,30,0.8)&#8221; width=&#8221;100%&#8221; max_width=&#8221;100%&#8221; custom_padding=&#8221;200px||80px||false|false&#8221; custom_css_main_element=&#8221;text-align:center;&#8221; global_colors_info=&#8221;{}&#8221;][et_pb_column type=&#8221;4_4&#8243; _builder_version=&#8221;4.19.0&#8243; _module_preset=&#8221;default&#8221; global_colors_info=&#8221;{}&#8221;][et_pb_text _builder_version=&#8221;4.19.1&#8243; _module_preset=&#8221;default&#8221; text_font=&#8221;||||||||&#8221; text_text_color=&#8221;#FFFFFF&#8221; header_font=&#8221;||||||||&#8221; header_text_color=&#8221;#FFFFFF&#8221; header_font_size=&#8221;70px&#8221; text_orientation=&#8221;center&#8221; custom_margin=&#8221;||10px||false|false&#8221; custom_padding=&#8221;||10px||false|false&#8221; header_font_size_tablet=&#8221;70px&#8221; header_font_size_phone=&#8221;40px&#8221; header_font_size_last_edited=&#8221;on|phone&#8221; global_colors_info=&#8221;{}&#8221;]<strong>OUR LOGISTIC<\/strong><\/p>\n<h1>Deliveries<\/h1>\n<p>[\/et_pb_text][dsm_breadcrumbs show_home_icon=&#8221;off&#8221; align=&#8221;center&#8221; items_bottom=&#8221;0px&#8221; separator_bottom=&#8221;0px&#8221; current_bottom=&#8221;0px&#8221; _builder_version=&#8221;4.19.1&#8243; _module_preset=&#8221;default&#8221; items_text_color=&#8221;rgba(255,255,255,0.6)&#8221; items_font_size=&#8221;15px&#8221; items_line_height=&#8221;1.5em&#8221; separators_text_color=&#8221;rgba(255,255,255,0.61)&#8221; current_text_color=&#8221;#FFFFFF&#8221; current_font_size=&#8221;15px&#8221; current_line_height=&#8221;1.5em&#8221; max_width=&#8221;100%&#8221; module_alignment=&#8221;center&#8221; global_colors_info=&#8221;{}&#8221; items_text_color__hover_enabled=&#8221;on|desktop&#8221; items_text_color__hover=&#8221;#FFFFFF&#8221;][\/dsm_breadcrumbs][\/et_pb_column][\/et_pb_row][\/et_pb_section][et_pb_section fb_built=&#8221;1&#8243; _builder_version=&#8221;4.19.0&#8243; _module_preset=&#8221;default&#8221; global_colors_info=&#8221;{}&#8221;][et_pb_row column_structure=&#8221;2_5,3_5&#8243; _builder_version=&#8221;4.19.0&#8243; _module_preset=&#8221;default&#8221; global_colors_info=&#8221;{}&#8221;][et_pb_column type=&#8221;2_5&#8243; _builder_version=&#8221;4.19.0&#8243; _module_preset=&#8221;default&#8221; global_colors_info=&#8221;{}&#8221;][et_pb_text _builder_version=&#8221;4.19.1&#8243; _module_preset=&#8221;default&#8221; text_font=&#8221;Comfortaa||||||||&#8221; text_text_color=&#8221;#F4661E&#8221; text_font_size=&#8221;20px&#8221; text_line_height=&#8221;1.5em&#8221; max_width_tablet=&#8221;500px&#8221; max_width_phone=&#8221;500px&#8221; max_width_last_edited=&#8221;on|tablet&#8221; module_alignment=&#8221;center&#8221; text_orientation_tablet=&#8221;center&#8221; text_orientation_phone=&#8221;center&#8221; text_orientation_last_edited=&#8221;on|tablet&#8221; module_alignment_tablet=&#8221;center&#8221; module_alignment_phone=&#8221;center&#8221; module_alignment_last_edited=&#8221;on|desktop&#8221; global_colors_info=&#8221;{}&#8221;]We have been relying on a strong partnership with Swiss carriers for many years.[\/et_pb_text][et_pb_image src=&#8221;https:\/\/gemma.ch\/\/wp-content\/uploads\/2022\/11\/pointilles.svg&#8221; title_text=&#8221;pointilles&#8221; align_tablet=&#8221;center&#8221; align_phone=&#8221;center&#8221; align_last_edited=&#8221;on|tablet&#8221; _builder_version=&#8221;4.19.0&#8243; _module_preset=&#8221;default&#8221; global_colors_info=&#8221;{}&#8221;][\/et_pb_image][\/et_pb_column][et_pb_column type=&#8221;3_5&#8243; _builder_version=&#8221;4.19.0&#8243; _module_preset=&#8221;default&#8221; global_colors_info=&#8221;{}&#8221;][et_pb_text _builder_version=&#8221;4.19.1&#8243; _module_preset=&#8221;default&#8221; global_colors_info=&#8221;{}&#8221;]Our strategic geographic location gives us a significant competitive advantage. In fact, we are located both close to the border for imports, and both close to our customers for distribution. <\/p>\n<p>Our obsession: Deliver on time in A for A, everywhere in Switzerland and 7 days a week, while respecting the cold chain! <\/p>\n<p>We are also able to deliver smaller volumes for Foodservice.[\/et_pb_text][\/et_pb_column][\/et_pb_row][\/et_pb_section]<\/p>\n","protected":false},"excerpt":{"rendered":"<p>OUR LOGISTIC Deliveries<div class=\"et_pb_module dsm_breadcrumbs dsm_breadcrumbs_0\">\n\t\t\t\t\n\t\t\t\t\n\t\t\t\t\n\t\t\t\t\n\t\t\t\t\n\t\t\t\t\n\t\t\t\t<div class=\"et_pb_module_inner\">\n\t\t\t\t\t<nav class=\"dsm_breadcrumbs_wrap\">\n\t\t\t\t<ul class=\"dsm_breadcrumbs\" itemscope itemtype=\"https:\/\/schema.org\/BreadcrumbList\">\t\t\t<li class=\"dsm_breadcrumbs_item dsm_home_item dsm_home_item_custom\" itemprop=\"itemListElement\" itemscope\n\t\t\titemtype=\"https:\/\/schema.org\/ListItem\">\n\t\t\t\t<a href=\"https:\/\/gemma.ch\/en\/\" itemprop=\"item\" target=\"\">\n\t\t\t\t\t<span class='dsm_home_text_wrapper'>\n\t\t\t\t\t\t\t\t\t\t\t\t\t<span class=\"dsm_home_text\" itemprop=\"name\">\n\t\t\t\t\t\t\t\tHome\t\t\t\t\t\t\t<\/span>\n\t\t\t\t\t<\/span>\n\t\t\t\t<\/a>\n\t\t\t\t<meta itemprop=\"position\" content=\"1\" \/>\n\t\t\t<\/li>\n\n\t\t<li class=\"dsm_breadcrumbs_separator\"> <span class=\"et-pb-icon dsm_separator_icon\">5<\/span><\/li><br \/>\n<b>Warning<\/b>:  Attempt to read property \"term_id\" on null in <b>\/home\/clients\/4d004f663205930f8ba2ed4987d5433f\/2023\/wp-content\/plugins\/supreme-modules-pro-for-divi\/includes\/modules\/Breadcrumbs\/Breadcrumbs.php<\/b> on line <b>704<\/b><br \/>\n<\/ul>\n\t\t\t<\/nav>\n\t\t\t\t<\/div>\n\t\t\t<\/div>We have been relying on a strong partnership with Swiss carriers for many years.Our strategic geographic location gives us a significant competitive advantage. In fact, we are located both close to the border for imports, and both close to our customers for distribution. Our obsession: Deliver on time in A for A, everywhere in Switzerland and 7 days a week, while respecting the cold chain! We are also able to deliver smaller volumes for Foodservice.<\/p>\n","protected":false},"author":2,"featured_media":0,"parent":911,"menu_order":5,"comment_status":"closed","ping_status":"closed","template":"","meta":{"_et_pb_use_builder":"on","_et_pb_old_content":"[et_pb_section fb_built=\"1\" _builder_version=\"4.19.1\" _module_preset=\"default\" background_image=\"https:\/\/gemma.ch\/\/wp-content\/uploads\/2022\/12\/livraisons01.jpg\" custom_margin=\"0px||0px||true|false\" custom_padding=\"0px||0px||true|false\" hover_enabled=\"0\" global_colors_info=\"{}\" title_text=\"livraisons01\" sticky_enabled=\"0\"][et_pb_row _builder_version=\"4.19.0\" _module_preset=\"default\" background_color=\"rgba(244,102,30,0.8)\" width=\"100%\" max_width=\"100%\" custom_padding=\"200px||80px||false|false\" custom_css_main_element=\"text-align:center;\" global_colors_info=\"{}\"][et_pb_column type=\"4_4\" _builder_version=\"4.19.0\" _module_preset=\"default\" global_colors_info=\"{}\"][et_pb_text _builder_version=\"4.19.0\" _module_preset=\"default\" text_font=\"||||||||\" text_text_color=\"#FFFFFF\" header_font=\"||||||||\" header_text_color=\"#FFFFFF\" header_font_size=\"70px\" text_orientation=\"center\" custom_margin=\"||10px||false|false\" custom_padding=\"||10px||false|false\" header_font_size_tablet=\"70px\" header_font_size_phone=\"40px\" header_font_size_last_edited=\"on|phone\" global_colors_info=\"{}\"]<strong>PRESTATION LOGISTIQUE<\/strong>\r\n<h1>Livraisons<\/h1>[\/et_pb_text][dsm_breadcrumbs home_text=\"Accueil\" show_home_icon=\"off\" align=\"center\" items_bottom=\"0px\" separator_bottom=\"0px\" current_bottom=\"0px\" _builder_version=\"4.19.0\" _module_preset=\"default\" items_text_color=\"rgba(255,255,255,0.6)\" items_font_size=\"15px\" items_line_height=\"1.5em\" separators_text_color=\"rgba(255,255,255,0.61)\" current_text_color=\"#FFFFFF\" current_font_size=\"15px\" current_line_height=\"1.5em\" max_width=\"100%\" module_alignment=\"center\" global_colors_info=\"{}\" items_text_color__hover_enabled=\"on|desktop\" items_text_color__hover=\"#FFFFFF\"][\/dsm_breadcrumbs][\/et_pb_column][\/et_pb_row][\/et_pb_section][et_pb_section fb_built=\"1\" _builder_version=\"4.19.0\" _module_preset=\"default\" global_colors_info=\"{}\"][et_pb_row column_structure=\"2_5,3_5\" _builder_version=\"4.19.0\" _module_preset=\"default\" global_colors_info=\"{}\"][et_pb_column type=\"2_5\" _builder_version=\"4.19.0\" _module_preset=\"default\" global_colors_info=\"{}\"][et_pb_text _builder_version=\"4.19.0\" _module_preset=\"default\" text_font=\"Comfortaa||||||||\" text_text_color=\"#F4661E\" text_font_size=\"20px\" text_line_height=\"1.5em\" max_width_tablet=\"500px\" max_width_phone=\"500px\" max_width_last_edited=\"on|tablet\" module_alignment=\"center\" text_orientation_tablet=\"center\" text_orientation_phone=\"center\" text_orientation_last_edited=\"on|tablet\" module_alignment_tablet=\"center\" module_alignment_phone=\"center\" module_alignment_last_edited=\"on|desktop\" global_colors_info=\"{}\"]Nous nous appuyons sur un partenariat solide avec des transporteurs suisses depuis de nombreuses ann\u00e9es.[\/et_pb_text][et_pb_image src=\"https:\/\/gemma.ch\/\/wp-content\/uploads\/2022\/11\/pointilles.svg\" title_text=\"pointilles\" align_tablet=\"center\" align_phone=\"center\" align_last_edited=\"on|tablet\" _builder_version=\"4.19.0\" _module_preset=\"default\" global_colors_info=\"{}\"][\/et_pb_image][\/et_pb_column][et_pb_column type=\"3_5\" _builder_version=\"4.19.0\" _module_preset=\"default\" global_colors_info=\"{}\"][et_pb_text _builder_version=\"4.19.0\" _module_preset=\"default\" global_colors_info=\"{}\"]<p><strong>Notre emplacement g\u00e9ographique strat\u00e9gique nous conf\u00e8re un avantage concurrentiel de taille. <\/strong><\/p>\r\n<p>En effet, nous sommes localis\u00e9s \u00e0 la fois proches de la fronti\u00e8re pour l\u2019importation, et \u00e0 la fois proches de nos clients pour la distribution.<\/p>\r\n<p>Notre obsession : Livrer en temps et en heure en A pour A, partout en Suisse et 7j\/7j, tout en respectant la cha\u00eene du froid !<\/p>\r\n<p>Nous sommes \u00e9galement en mesure de livrer de plus petits volumes pour le Foodservice.<\/p>[\/et_pb_text][\/et_pb_column][\/et_pb_row][\/et_pb_section]","_et_gb_content_width":"","inline_featured_image":false,"footnotes":""},"class_list":["post-921","page","type-page","status-publish","hentry"],"_links":{"self":[{"href":"https:\/\/gemma.ch\/en\/wp-json\/wp\/v2\/pages\/921","targetHints":{"allow":["GET"]}}],"collection":[{"href":"https:\/\/gemma.ch\/en\/wp-json\/wp\/v2\/pages"}],"about":[{"href":"https:\/\/gemma.ch\/en\/wp-json\/wp\/v2\/types\/page"}],"author":[{"embeddable":true,"href":"https:\/\/gemma.ch\/en\/wp-json\/wp\/v2\/users\/2"}],"replies":[{"embeddable":true,"href":"https:\/\/gemma.ch\/en\/wp-json\/wp\/v2\/comments?post=921"}],"version-history":[{"count":6,"href":"https:\/\/gemma.ch\/en\/wp-json\/wp\/v2\/pages\/921\/revisions"}],"predecessor-version":[{"id":1009,"href":"https:\/\/gemma.ch\/en\/wp-json\/wp\/v2\/pages\/921\/revisions\/1009"}],"up":[{"embeddable":true,"href":"https:\/\/gemma.ch\/en\/wp-json\/wp\/v2\/pages\/911"}],"wp:attachment":[{"href":"https:\/\/gemma.ch\/en\/wp-json\/wp\/v2\/media?parent=921"}],"curies":[{"name":"wp","href":"https:\/\/api.w.org\/{rel}","templated":true}]}}