{"id":922,"date":"2022-11-21T11:12:10","date_gmt":"2022-11-21T10:12:10","guid":{"rendered":"https:\/\/gemma.ch\/\/?page_id=922"},"modified":"2023-02-13T19:16:33","modified_gmt":"2023-02-13T18:16:33","slug":"quality-ifs-organic-vlabel","status":"publish","type":"page","link":"https:\/\/gemma.ch\/en\/our-logistics\/quality-ifs-organic-vlabel\/","title":{"rendered":"Quality &#8211; IFS, organic, V-label"},"content":{"rendered":"<p>[et_pb_section fb_built=&#8221;1&#8243; _builder_version=&#8221;4.19.1&#8243; _module_preset=&#8221;default&#8221; background_image=&#8221;https:\/\/gemma.ch\/\/wp-content\/uploads\/2022\/12\/qualite01.jpg&#8221; custom_margin=&#8221;0px||0px||true|false&#8221; custom_padding=&#8221;0px||0px||true|false&#8221; global_colors_info=&#8221;{}&#8221;][et_pb_row _builder_version=&#8221;4.19.0&#8243; _module_preset=&#8221;default&#8221; background_color=&#8221;rgba(244,102,30,0.8)&#8221; width=&#8221;100%&#8221; max_width=&#8221;100%&#8221; custom_padding=&#8221;200px||80px||false|false&#8221; custom_css_main_element=&#8221;text-align:center;&#8221; global_colors_info=&#8221;{}&#8221;][et_pb_column type=&#8221;4_4&#8243; _builder_version=&#8221;4.19.0&#8243; _module_preset=&#8221;default&#8221; global_colors_info=&#8221;{}&#8221;][et_pb_text _builder_version=&#8221;4.19.1&#8243; _module_preset=&#8221;default&#8221; text_font=&#8221;||||||||&#8221; text_text_color=&#8221;#FFFFFF&#8221; header_font=&#8221;||||||||&#8221; header_text_color=&#8221;#FFFFFF&#8221; header_font_size=&#8221;70px&#8221; text_orientation=&#8221;center&#8221; custom_margin=&#8221;||10px||false|false&#8221; custom_padding=&#8221;||10px||false|false&#8221; header_font_size_tablet=&#8221;70px&#8221; header_font_size_phone=&#8221;40px&#8221; header_font_size_last_edited=&#8221;on|phone&#8221; global_colors_info=&#8221;{}&#8221;]<strong>OUR LOGISTIC<\/strong><\/p>\n<h1>Quality &#8211; IFS, organic, V-label<\/h1>\n<p>[\/et_pb_text][dsm_breadcrumbs show_home_icon=&#8221;off&#8221; align=&#8221;center&#8221; items_bottom=&#8221;0px&#8221; separator_bottom=&#8221;0px&#8221; current_bottom=&#8221;0px&#8221; _builder_version=&#8221;4.19.1&#8243; _module_preset=&#8221;default&#8221; items_text_color=&#8221;rgba(255,255,255,0.6)&#8221; items_font_size=&#8221;15px&#8221; items_line_height=&#8221;1.5em&#8221; separators_text_color=&#8221;rgba(255,255,255,0.61)&#8221; current_text_color=&#8221;#FFFFFF&#8221; current_font_size=&#8221;15px&#8221; current_line_height=&#8221;1.5em&#8221; max_width=&#8221;100%&#8221; module_alignment=&#8221;center&#8221; global_colors_info=&#8221;{}&#8221; items_text_color__hover_enabled=&#8221;on|desktop&#8221; items_text_color__hover=&#8221;#FFFFFF&#8221;][\/dsm_breadcrumbs][\/et_pb_column][\/et_pb_row][\/et_pb_section][et_pb_section fb_built=&#8221;1&#8243; _builder_version=&#8221;4.19.0&#8243; _module_preset=&#8221;default&#8221; global_colors_info=&#8221;{}&#8221;][et_pb_row column_structure=&#8221;2_5,3_5&#8243; _builder_version=&#8221;4.19.1&#8243; _module_preset=&#8221;default&#8221; global_colors_info=&#8221;{}&#8221;][et_pb_column type=&#8221;2_5&#8243; _builder_version=&#8221;4.19.0&#8243; _module_preset=&#8221;default&#8221; global_colors_info=&#8221;{}&#8221;][et_pb_text _builder_version=&#8221;4.19.1&#8243; _module_preset=&#8221;default&#8221; text_font=&#8221;Comfortaa||||||||&#8221; text_text_color=&#8221;#F4661E&#8221; text_font_size=&#8221;20px&#8221; text_line_height=&#8221;1.5em&#8221; max_width_tablet=&#8221;500px&#8221; max_width_phone=&#8221;500px&#8221; max_width_last_edited=&#8221;on|tablet&#8221; module_alignment=&#8221;center&#8221; text_orientation_tablet=&#8221;center&#8221; text_orientation_phone=&#8221;center&#8221; text_orientation_last_edited=&#8221;on|tablet&#8221; module_alignment_tablet=&#8221;center&#8221; module_alignment_phone=&#8221;center&#8221; module_alignment_last_edited=&#8221;on|desktop&#8221; global_colors_info=&#8221;{}&#8221;]As a food importer, we ensure that our products comply with Swiss legal standards in terms of quality and social and environmental sustainability.[\/et_pb_text][et_pb_image src=&#8221;https:\/\/gemma.ch\/\/wp-content\/uploads\/2022\/11\/pointilles.svg&#8221; title_text=&#8221;pointilles&#8221; align_tablet=&#8221;center&#8221; align_phone=&#8221;center&#8221; align_last_edited=&#8221;on|tablet&#8221; _builder_version=&#8221;4.19.0&#8243; _module_preset=&#8221;default&#8221; global_colors_info=&#8221;{}&#8221;][\/et_pb_image][\/et_pb_column][et_pb_column type=&#8221;3_5&#8243; _builder_version=&#8221;4.19.1&#8243; _module_preset=&#8221;default&#8221; custom_css_main_element=&#8221;display:flex;||flex-direction:row;||flex-wrap:wrap;||justify-content:space-between;&#8221; global_colors_info=&#8221;{}&#8221;][et_pb_text _builder_version=&#8221;4.19.1&#8243; _module_preset=&#8221;default&#8221; global_colors_info=&#8221;{}&#8221;]Since 2012, we have been IFS Broker and IFS Logistics higher level certified. <\/p>\n<p>As an exclusive importer, we build markets by creating a real partnership based on sharing our values of quality and food safety with our suppliers. These are also all IFS certified or equivalent. <\/p>\n<p>We are constantly attentive to developments in terms of social and environmental sustainability and able to react quickly in order to continuously improve the ecological and social balance of our products.[\/et_pb_text][et_pb_image src=&#8221;https:\/\/gemma.ch\/\/wp-content\/uploads\/2022\/11\/ifs-logistics.png&#8221; alt=&#8221;ifs logistics&#8221; title_text=&#8221;ifs logistics&#8221; _builder_version=&#8221;4.19.0&#8243; _module_preset=&#8221;default&#8221; max_width=&#8221;150px&#8221; max_width_tablet=&#8221;150px&#8221; max_width_phone=&#8221;&#8221; max_width_last_edited=&#8221;on|phone&#8221; max_height=&#8221;90px&#8221; max_height_tablet=&#8221;90px&#8221; max_height_phone=&#8221;60px&#8221; max_height_last_edited=&#8221;on|phone&#8221; custom_margin=&#8221;||||false|false&#8221; custom_css_main_element=&#8221;display:inline-block;&#8221; global_colors_info=&#8221;{}&#8221;][\/et_pb_image][et_pb_image src=&#8221;https:\/\/gemma.ch\/\/wp-content\/uploads\/2022\/11\/ifs-broker.png&#8221; alt=&#8221;ifs broker&#8221; title_text=&#8221;ifs broker&#8221; _builder_version=&#8221;4.19.0&#8243; _module_preset=&#8221;default&#8221; max_width=&#8221;150px&#8221; max_width_tablet=&#8221;150px&#8221; max_width_phone=&#8221;&#8221; max_width_last_edited=&#8221;on|phone&#8221; max_height=&#8221;90px&#8221; max_height_tablet=&#8221;90px&#8221; max_height_phone=&#8221;60px&#8221; max_height_last_edited=&#8221;on|phone&#8221; custom_css_main_element=&#8221;display:inline-block;&#8221; global_colors_info=&#8221;{}&#8221;][\/et_pb_image][et_pb_image src=&#8221;https:\/\/gemma.ch\/\/wp-content\/uploads\/2022\/11\/bio-inspecta.png&#8221; alt=&#8221;bio inspecta&#8221; title_text=&#8221;bio inspecta&#8221; _builder_version=&#8221;4.19.0&#8243; _module_preset=&#8221;default&#8221; max_width=&#8221;150px&#8221; max_width_tablet=&#8221;150px&#8221; max_width_phone=&#8221;&#8221; max_width_last_edited=&#8221;on|phone&#8221; max_height=&#8221;90px&#8221; max_height_tablet=&#8221;90px&#8221; max_height_phone=&#8221;60px&#8221; max_height_last_edited=&#8221;on|phone&#8221; custom_css_main_element=&#8221;display:inline-block;&#8221; global_colors_info=&#8221;{}&#8221;][\/et_pb_image][\/et_pb_column][\/et_pb_row][\/et_pb_section]<\/p>\n","protected":false},"excerpt":{"rendered":"<p>OUR LOGISTIC Quality &#8211; IFS, organic, V-label<div class=\"et_pb_module dsm_breadcrumbs dsm_breadcrumbs_0\">\n\t\t\t\t\n\t\t\t\t\n\t\t\t\t\n\t\t\t\t\n\t\t\t\t\n\t\t\t\t\n\t\t\t\t<div class=\"et_pb_module_inner\">\n\t\t\t\t\t<nav class=\"dsm_breadcrumbs_wrap\">\n\t\t\t\t<ul class=\"dsm_breadcrumbs\" itemscope itemtype=\"https:\/\/schema.org\/BreadcrumbList\">\t\t\t<li class=\"dsm_breadcrumbs_item dsm_home_item dsm_home_item_custom\" itemprop=\"itemListElement\" itemscope\n\t\t\titemtype=\"https:\/\/schema.org\/ListItem\">\n\t\t\t\t<a href=\"https:\/\/gemma.ch\/en\/\" itemprop=\"item\" target=\"\">\n\t\t\t\t\t<span class='dsm_home_text_wrapper'>\n\t\t\t\t\t\t\t\t\t\t\t\t\t<span class=\"dsm_home_text\" itemprop=\"name\">\n\t\t\t\t\t\t\t\tHome\t\t\t\t\t\t\t<\/span>\n\t\t\t\t\t<\/span>\n\t\t\t\t<\/a>\n\t\t\t\t<meta itemprop=\"position\" content=\"1\" \/>\n\t\t\t<\/li>\n\n\t\t<li class=\"dsm_breadcrumbs_separator\"> <span class=\"et-pb-icon dsm_separator_icon\">5<\/span><\/li><br \/>\n<b>Warning<\/b>:  Attempt to read property \"term_id\" on null in <b>\/home\/clients\/4d004f663205930f8ba2ed4987d5433f\/2023\/wp-content\/plugins\/supreme-modules-pro-for-divi\/includes\/modules\/Breadcrumbs\/Breadcrumbs.php<\/b> on line <b>704<\/b><br \/>\n<\/ul>\n\t\t\t<\/nav>\n\t\t\t\t<\/div>\n\t\t\t<\/div>As a food importer, we ensure that our products comply with Swiss legal standards in terms of quality and social and environmental sustainability.Since 2012, we have been IFS Broker and IFS Logistics higher level certified. As an exclusive importer, we build markets by creating a real partnership based on sharing our values of quality and food safety with our suppliers. These are also all IFS certified or equivalent. We are constantly attentive to developments in terms of social and environmental sustainability and able to react quickly in order to continuously improve the ecological and social balance of our products.<\/p>\n","protected":false},"author":2,"featured_media":0,"parent":911,"menu_order":6,"comment_status":"closed","ping_status":"closed","template":"","meta":{"_et_pb_use_builder":"on","_et_pb_old_content":"[et_pb_section fb_built=\"1\" _builder_version=\"4.19.1\" _module_preset=\"default\" background_image=\"https:\/\/gemma.ch\/\/wp-content\/uploads\/2022\/12\/qualite01.jpg\" custom_margin=\"0px||0px||true|false\" custom_padding=\"0px||0px||true|false\" hover_enabled=\"0\" global_colors_info=\"{}\" title_text=\"qualite01\" sticky_enabled=\"0\"][et_pb_row _builder_version=\"4.19.0\" _module_preset=\"default\" background_color=\"rgba(244,102,30,0.8)\" width=\"100%\" max_width=\"100%\" custom_padding=\"200px||80px||false|false\" custom_css_main_element=\"text-align:center;\" global_colors_info=\"{}\"][et_pb_column type=\"4_4\" _builder_version=\"4.19.0\" _module_preset=\"default\" global_colors_info=\"{}\"][et_pb_text _builder_version=\"4.19.0\" _module_preset=\"default\" text_font=\"||||||||\" text_text_color=\"#FFFFFF\" header_font=\"||||||||\" header_text_color=\"#FFFFFF\" header_font_size=\"70px\" text_orientation=\"center\" custom_margin=\"||10px||false|false\" custom_padding=\"||10px||false|false\" header_font_size_tablet=\"70px\" header_font_size_phone=\"40px\" header_font_size_last_edited=\"on|phone\" global_colors_info=\"{}\"]<strong>PRESTATION LOGISTIQUE<\/strong>\r\n<h1>Qualit\u00e9 \u2013 IFS, bio, V-label<\/h1>[\/et_pb_text][dsm_breadcrumbs home_text=\"Accueil\" show_home_icon=\"off\" align=\"center\" items_bottom=\"0px\" separator_bottom=\"0px\" current_bottom=\"0px\" _builder_version=\"4.19.0\" _module_preset=\"default\" items_text_color=\"rgba(255,255,255,0.6)\" items_font_size=\"15px\" items_line_height=\"1.5em\" separators_text_color=\"rgba(255,255,255,0.61)\" current_text_color=\"#FFFFFF\" current_font_size=\"15px\" current_line_height=\"1.5em\" max_width=\"100%\" module_alignment=\"center\" global_colors_info=\"{}\" items_text_color__hover_enabled=\"on|desktop\" items_text_color__hover=\"#FFFFFF\"][\/dsm_breadcrumbs][\/et_pb_column][\/et_pb_row][\/et_pb_section][et_pb_section fb_built=\"1\" _builder_version=\"4.19.0\" _module_preset=\"default\" global_colors_info=\"{}\"][et_pb_row column_structure=\"2_5,3_5\" _builder_version=\"4.19.1\" _module_preset=\"default\" hover_enabled=\"0\" global_colors_info=\"{}\" sticky_enabled=\"0\"][et_pb_column type=\"2_5\" _builder_version=\"4.19.0\" _module_preset=\"default\" global_colors_info=\"{}\"][et_pb_text _builder_version=\"4.19.0\" _module_preset=\"default\" text_font=\"Comfortaa||||||||\" text_text_color=\"#F4661E\" text_font_size=\"20px\" text_line_height=\"1.5em\" max_width_tablet=\"500px\" max_width_phone=\"500px\" max_width_last_edited=\"on|tablet\" module_alignment=\"center\" text_orientation_tablet=\"center\" text_orientation_phone=\"center\" text_orientation_last_edited=\"on|tablet\" module_alignment_tablet=\"center\" module_alignment_phone=\"center\" module_alignment_last_edited=\"on|desktop\" global_colors_info=\"{}\"]En tant qu\u2019importateur de denr\u00e9es alimentaires, nous veillons \u00e0 ce que nos produits soient conformes aux normes l\u00e9gales suisses en mati\u00e8re de qualit\u00e9 et de durabilit\u00e9 sociale et environnementale.[\/et_pb_text][et_pb_image src=\"https:\/\/gemma.ch\/\/wp-content\/uploads\/2022\/11\/pointilles.svg\" title_text=\"pointilles\" align_tablet=\"center\" align_phone=\"center\" align_last_edited=\"on|tablet\" _builder_version=\"4.19.0\" _module_preset=\"default\" global_colors_info=\"{}\"][\/et_pb_image][\/et_pb_column][et_pb_column type=\"3_5\" _builder_version=\"4.19.1\" _module_preset=\"default\" hover_enabled=\"0\" global_colors_info=\"{}\" custom_css_main_element=\"display:flex;||flex-direction:row;||flex-wrap:wrap;||justify-content:space-between;\" sticky_enabled=\"0\"][et_pb_text _builder_version=\"4.19.0\" _module_preset=\"default\" global_colors_info=\"{}\"]<p><strong>Depuis 2012, nous sommes certifi\u00e9s IFS Broker et IFS Logistique niveau sup\u00e9rieur.<\/strong><\/p>\r\n<p>En tant qu\u2019importateur exclusif, nous construisons les march\u00e9s en cr\u00e9ant un v\u00e9ritable partenariat bas\u00e9 sur un partage de nos valeurs de qualit\u00e9 et de s\u00e9curit\u00e9 alimentaire avec nos fournisseurs. Ces derniers sont \u00e9galement tous certifi\u00e9s IFS ou \u00e9quivalent.<\/p>\r\n<p>Nous sommes constamment \u00e0 l\u2019\u00e9coute des \u00e9volutions en termes de durabilit\u00e9 sociale et environnementale et capables de r\u00e9agir rapidement afin d\u2019am\u00e9liorer continuellement le bilan \u00e9cologique et social de nos produits.<\/p>[\/et_pb_text][et_pb_image src=\"https:\/\/gemma.ch\/\/wp-content\/uploads\/2022\/11\/ifs-logistics.png\" alt=\"ifs logistics\" title_text=\"ifs logistics\" _builder_version=\"4.19.0\" _module_preset=\"default\" max_width=\"150px\" max_width_tablet=\"150px\" max_width_phone=\"\" max_width_last_edited=\"on|phone\" max_height=\"90px\" max_height_tablet=\"90px\" max_height_phone=\"60px\" max_height_last_edited=\"on|phone\" custom_margin=\"||||false|false\" custom_css_main_element=\"display:inline-block;\" global_colors_info=\"{}\"][\/et_pb_image][et_pb_image src=\"https:\/\/gemma.ch\/\/wp-content\/uploads\/2022\/11\/ifs-broker.png\" alt=\"ifs broker\" title_text=\"ifs broker\" _builder_version=\"4.19.0\" _module_preset=\"default\" max_width=\"150px\" max_width_tablet=\"150px\" max_width_phone=\"\" max_width_last_edited=\"on|phone\" max_height=\"90px\" max_height_tablet=\"90px\" max_height_phone=\"60px\" max_height_last_edited=\"on|phone\" custom_css_main_element=\"display:inline-block;\" global_colors_info=\"{}\"][\/et_pb_image][et_pb_image src=\"https:\/\/gemma.ch\/\/wp-content\/uploads\/2022\/11\/bio-inspecta.png\" alt=\"bio inspecta\" title_text=\"bio inspecta\" _builder_version=\"4.19.0\" _module_preset=\"default\" max_width=\"150px\" max_width_tablet=\"150px\" max_width_phone=\"\" max_width_last_edited=\"on|phone\" max_height=\"90px\" max_height_tablet=\"90px\" max_height_phone=\"60px\" max_height_last_edited=\"on|phone\" custom_css_main_element=\"display:inline-block;\" global_colors_info=\"{}\"][\/et_pb_image][\/et_pb_column][\/et_pb_row][\/et_pb_section]","_et_gb_content_width":"","inline_featured_image":false,"footnotes":""},"class_list":["post-922","page","type-page","status-publish","hentry"],"_links":{"self":[{"href":"https:\/\/gemma.ch\/en\/wp-json\/wp\/v2\/pages\/922","targetHints":{"allow":["GET"]}}],"collection":[{"href":"https:\/\/gemma.ch\/en\/wp-json\/wp\/v2\/pages"}],"about":[{"href":"https:\/\/gemma.ch\/en\/wp-json\/wp\/v2\/types\/page"}],"author":[{"embeddable":true,"href":"https:\/\/gemma.ch\/en\/wp-json\/wp\/v2\/users\/2"}],"replies":[{"embeddable":true,"href":"https:\/\/gemma.ch\/en\/wp-json\/wp\/v2\/comments?post=922"}],"version-history":[{"count":8,"href":"https:\/\/gemma.ch\/en\/wp-json\/wp\/v2\/pages\/922\/revisions"}],"predecessor-version":[{"id":1011,"href":"https:\/\/gemma.ch\/en\/wp-json\/wp\/v2\/pages\/922\/revisions\/1011"}],"up":[{"embeddable":true,"href":"https:\/\/gemma.ch\/en\/wp-json\/wp\/v2\/pages\/911"}],"wp:attachment":[{"href":"https:\/\/gemma.ch\/en\/wp-json\/wp\/v2\/media?parent=922"}],"curies":[{"name":"wp","href":"https:\/\/api.w.org\/{rel}","templated":true}]}}